{"id":76738,"date":"2023-08-24T13:51:57","date_gmt":"2023-08-24T11:51:57","guid":{"rendered":"http:\/\/thejourney-of-you.iw-expose.de\/impressum\/"},"modified":"2024-01-31T21:53:48","modified_gmt":"2024-01-31T20:53:48","slug":"impressum","status":"publish","type":"page","link":"https:\/\/thejourney-of-you.com\/en\/impressum\/","title":{"rendered":"Impressum"},"content":{"rendered":"\t\t<div data-elementor-type=\"wp-page\" data-elementor-id=\"76738\" class=\"elementor elementor-76738 elementor-76085\">\n\t\t\t\t\t\t<section data-parallax-section-settings=\"{&quot;parallax_ratio&quot;:0.5,&quot;parallax&quot;:&quot;parallax&quot;}\" class=\"elementor-section elementor-top-section elementor-element elementor-element-8360e42 elementor-section-height-min-height elementor-section-content-top elementor-section-boxed elementor-section-height-default elementor-section-items-middle\" data-id=\"8360e42\" data-element_type=\"section\" data-e-type=\"section\" data-settings=\"{&quot;background_background&quot;:&quot;classic&quot;}\">\n\t\t\t\t\t\t<div class=\"elementor-container elementor-column-gap-default\">\n\t\t\t\t\t<div class=\" elementor-column elementor-col-100 elementor-top-column elementor-element elementor-element-db99b62\" data-fullscreen-column-settings=\"{&quot;fullscreen&quot;:&quot;&quot;}\" data-id=\"db99b62\" data-element_type=\"column\" data-e-type=\"column\">\n\t\t\t<div class=\"elementor-widget-wrap\">\n\t\t\t\t\t\t\t<\/div>\n\t\t<\/div>\n\t\t\t\t\t<\/div>\n\t\t<\/section>\n\t\t\t\t<section class=\"elementor-section elementor-top-section elementor-element elementor-element-7e8e522 elementor-section-boxed elementor-section-height-default elementor-section-height-default\" data-id=\"7e8e522\" data-element_type=\"section\" data-e-type=\"section\">\n\t\t\t\t\t\t<div class=\"elementor-container elementor-column-gap-default\">\n\t\t\t\t\t<div class=\" elementor-column elementor-col-100 elementor-top-column elementor-element elementor-element-0f81fdb elementor-invisible\" data-fullscreen-column-settings=\"{&quot;fullscreen&quot;:&quot;&quot;}\" data-id=\"0f81fdb\" data-element_type=\"column\" data-e-type=\"column\" data-settings=\"{&quot;background_background&quot;:&quot;classic&quot;,&quot;animation&quot;:&quot;fadeInLeft&quot;}\">\n\t\t\t<div class=\"elementor-widget-wrap elementor-element-populated\">\n\t\t\t\t\t\t<div class=\"elementor-element elementor-element-a1e44f2 elementor-widget elementor-widget-litho-heading\" data-id=\"a1e44f2\" data-element_type=\"widget\" data-e-type=\"widget\" data-widget_type=\"litho-heading.default\">\n\t\t\t\t<div class=\"elementor-widget-container\">\n\t\t\t\t\t<span class=\"litho-heading elementor-size-default\"><span class=\"litho-primary-title\">legal notice<\/span><\/span>\t\t\t\t<\/div>\n\t\t\t\t<\/div>\n\t\t\t\t<div class=\"elementor-element elementor-element-701bbc3 elementor-widget-tablet__width-inherit elementor-widget elementor-widget-litho-heading\" data-id=\"701bbc3\" data-element_type=\"widget\" data-e-type=\"widget\" data-widget_type=\"litho-heading.default\">\n\t\t\t\t<div class=\"elementor-widget-container\">\n\t\t\t\t\t<h5 class=\"litho-heading elementor-size-default\"><span class=\"litho-primary-title\">the journey of you<\/span><\/h5>\t\t\t\t<\/div>\n\t\t\t\t<\/div>\n\t\t\t\t\t<\/div>\n\t\t<\/div>\n\t\t\t\t\t<\/div>\n\t\t<\/section>\n\t\t\t\t<section class=\"elementor-section elementor-top-section elementor-element elementor-element-0919ce8 elementor-section-boxed elementor-section-height-default elementor-section-height-default\" data-id=\"0919ce8\" data-element_type=\"section\" data-e-type=\"section\">\n\t\t\t\t\t\t<div class=\"elementor-container elementor-column-gap-default\">\n\t\t\t\t\t<div class=\" elementor-column elementor-col-100 elementor-top-column elementor-element elementor-element-2dca8fa elementor-invisible\" data-fullscreen-column-settings=\"{&quot;fullscreen&quot;:&quot;&quot;}\" data-id=\"2dca8fa\" data-element_type=\"column\" data-e-type=\"column\" data-settings=\"{&quot;background_background&quot;:&quot;classic&quot;,&quot;animation&quot;:&quot;fadeInLeft&quot;}\">\n\t\t\t<div class=\"elementor-widget-wrap elementor-element-populated\">\n\t\t\t\t\t\t<div class=\"elementor-element elementor-element-615c67a elementor-widget-mobile__width-initial elementor-widget__width-initial elementor-widget-tablet__width-inherit elementor-widget elementor-widget-text-editor\" data-id=\"615c67a\" data-element_type=\"widget\" data-e-type=\"widget\" data-widget_type=\"text-editor.default\">\n\t\t\t\t<div class=\"elementor-widget-container\">\n\t\t\t\t\t\t\t\t\t<p>The Journey of You<br \/>Philipp Von He\u00dfberg<\/p><p>Brunhamstra\u00dfe 21<br \/>81249 M\u00fcnchen<\/p><p>Phone: <a href=\"tel:+4915170606016\">+49 151 706 06 016<\/a><br \/>E-Mail: <a href=\"mailto:info@thejourney-of-you.com\">info@thejourney-of-you.com<\/a><br \/>Web: <a href=\"\/\">www.thejourney-of-you.com<\/a><\/p><p>USt-IdNr.: DE362048169<\/p><p><strong>Fotografien:<\/strong><br \/>Philipp von He\u00dfberg<\/p><div data-version=\"5\"><strong>Webdesign:<\/strong><br \/><a title=\"Imagewunder GmbH \u2013 Webdesign aus Augsburg\" href=\"https:\/\/imagewunder.de\/\" target=\"_blank\" rel=\"noopener\">Imagewunder GmbH \u2013 Webdesign aus Augsburg<\/a><\/div><div data-version=\"5\">\u00a0<\/div>\t\t\t\t\t\t\t\t<\/div>\n\t\t\t\t<\/div>\n\t\t\t\t\t<\/div>\n\t\t<\/div>\n\t\t\t\t\t<\/div>\n\t\t<\/section>\n\t\t\t\t<\/div>\n\t\t","protected":false},"excerpt":{"rendered":"<p>legal notice the journey of you The Journey of YouPhilipp Von He\u00dfberg Brunhamstra\u00dfe 2181249 M\u00fcnchen Phone: +49 151 706 06 016E-Mail: info@thejourney-of-you.comWeb: www.thejourney-of-you.com USt-IdNr.: DE362048169 Fotografien:Philipp von He\u00dfberg Webdesign:Imagewunder GmbH \u2013 Webdesign aus Augsburg\u00a0<\/p>\n","protected":false},"author":1,"featured_media":0,"parent":0,"menu_order":0,"comment_status":"closed","ping_status":"closed","template":"","meta":{"footnotes":""},"class_list":["post-76738","page","type-page","status-publish","hentry"],"yoast_head":"<!-- This site is optimized with the Yoast SEO plugin v27.2 - https:\/\/yoast.com\/product\/yoast-seo-wordpress\/ -->\n<title>Impressum - The Journey of You<\/title>\n<meta name=\"robots\" content=\"index, follow, max-snippet:-1, max-image-preview:large, max-video-preview:-1\" \/>\n<link rel=\"canonical\" href=\"https:\/\/thejourney-of-you.com\/en\/impressum\/\" \/>\n<meta property=\"og:locale\" content=\"en_US\" \/>\n<meta property=\"og:type\" content=\"article\" \/>\n<meta property=\"og:title\" content=\"Impressum - The Journey of You\" \/>\n<meta property=\"og:description\" content=\"legal notice the journey of you The Journey of YouPhilipp Von He\u00dfberg Brunhamstra\u00dfe 2181249 M\u00fcnchen Phone: +49 151 706 06 016E-Mail: info@thejourney-of-you.comWeb: www.thejourney-of-you.com USt-IdNr.: DE362048169 Fotografien:Philipp von He\u00dfberg Webdesign:Imagewunder GmbH \u2013 Webdesign aus Augsburg\u00a0\" \/>\n<meta property=\"og:url\" content=\"https:\/\/thejourney-of-you.com\/en\/impressum\/\" \/>\n<meta property=\"og:site_name\" content=\"The Journey of You\" \/>\n<meta property=\"article:modified_time\" content=\"2024-01-31T20:53:48+00:00\" \/>\n<meta property=\"og:image\" content=\"https:\/\/thejourney-of-you.com\/wp-content\/uploads\/2023\/11\/Header-The-journey-of-You-Systemisches-Coaching.jpg\" \/>\n\t<meta property=\"og:image:width\" content=\"1920\" \/>\n\t<meta property=\"og:image:height\" content=\"900\" \/>\n\t<meta property=\"og:image:type\" content=\"image\/jpeg\" \/>\n<meta name=\"twitter:card\" content=\"summary_large_image\" \/>\n<script type=\"application\/ld+json\" class=\"yoast-schema-graph\">{\"@context\":\"https:\/\/schema.org\",\"@graph\":[{\"@type\":\"WebPage\",\"@id\":\"https:\/\/thejourney-of-you.com\/en\/impressum\/\",\"url\":\"https:\/\/thejourney-of-you.com\/en\/impressum\/\",\"name\":\"Impressum - The Journey of You\",\"isPartOf\":{\"@id\":\"https:\/\/thejourney-of-you.com\/#website\"},\"datePublished\":\"2023-08-24T11:51:57+00:00\",\"dateModified\":\"2024-01-31T20:53:48+00:00\",\"breadcrumb\":{\"@id\":\"https:\/\/thejourney-of-you.com\/en\/impressum\/#breadcrumb\"},\"inLanguage\":\"en-US\",\"potentialAction\":[{\"@type\":\"ReadAction\",\"target\":[\"https:\/\/thejourney-of-you.com\/en\/impressum\/\"]}]},{\"@type\":\"BreadcrumbList\",\"@id\":\"https:\/\/thejourney-of-you.com\/en\/impressum\/#breadcrumb\",\"itemListElement\":[{\"@type\":\"ListItem\",\"position\":1,\"name\":\"Startseite\",\"item\":\"https:\/\/thejourney-of-you.com\/en\/\"},{\"@type\":\"ListItem\",\"position\":2,\"name\":\"Impressum\"}]},{\"@type\":\"WebSite\",\"@id\":\"https:\/\/thejourney-of-you.com\/#website\",\"url\":\"https:\/\/thejourney-of-you.com\/\",\"name\":\"The Journey of You\",\"description\":\"Dein Systemisches Coaching mit Philipp von He\u00dfberg\",\"publisher\":{\"@id\":\"https:\/\/thejourney-of-you.com\/#organization\"},\"alternateName\":\"Systemisches Coaching mit Philipp von He\u00dfberg\",\"potentialAction\":[{\"@type\":\"SearchAction\",\"target\":{\"@type\":\"EntryPoint\",\"urlTemplate\":\"https:\/\/thejourney-of-you.com\/?s={search_term_string}\"},\"query-input\":{\"@type\":\"PropertyValueSpecification\",\"valueRequired\":true,\"valueName\":\"search_term_string\"}}],\"inLanguage\":\"en-US\"},{\"@type\":\"Organization\",\"@id\":\"https:\/\/thejourney-of-you.com\/#organization\",\"name\":\"The Journey of You\",\"alternateName\":\"Systemisches Coaching mit Philipp von He\u00dfberg\",\"url\":\"https:\/\/thejourney-of-you.com\/\",\"logo\":{\"@type\":\"ImageObject\",\"inLanguage\":\"en-US\",\"@id\":\"https:\/\/thejourney-of-you.com\/#\/schema\/logo\/image\/\",\"url\":\"https:\/\/thejourney-of-you.com\/wp-content\/uploads\/2020\/03\/Logo-Thejourneyofyou-RGB-1200px.png\",\"contentUrl\":\"https:\/\/thejourney-of-you.com\/wp-content\/uploads\/2020\/03\/Logo-Thejourneyofyou-RGB-1200px.png\",\"width\":1200,\"height\":431,\"caption\":\"The Journey of You\"},\"image\":{\"@id\":\"https:\/\/thejourney-of-you.com\/#\/schema\/logo\/image\/\"}}]}<\/script>\n<!-- \/ Yoast SEO plugin. -->","yoast_head_json":{"title":"Impressum - The Journey of You","robots":{"index":"index","follow":"follow","max-snippet":"max-snippet:-1","max-image-preview":"max-image-preview:large","max-video-preview":"max-video-preview:-1"},"canonical":"https:\/\/thejourney-of-you.com\/en\/impressum\/","og_locale":"en_US","og_type":"article","og_title":"Impressum - The Journey of You","og_description":"legal notice the journey of you The Journey of YouPhilipp Von He\u00dfberg Brunhamstra\u00dfe 2181249 M\u00fcnchen Phone: +49 151 706 06 016E-Mail: info@thejourney-of-you.comWeb: www.thejourney-of-you.com USt-IdNr.: DE362048169 Fotografien:Philipp von He\u00dfberg Webdesign:Imagewunder GmbH \u2013 Webdesign aus Augsburg\u00a0","og_url":"https:\/\/thejourney-of-you.com\/en\/impressum\/","og_site_name":"The Journey of You","article_modified_time":"2024-01-31T20:53:48+00:00","og_image":[{"width":1920,"height":900,"url":"https:\/\/thejourney-of-you.com\/wp-content\/uploads\/2023\/11\/Header-The-journey-of-You-Systemisches-Coaching.jpg","type":"image\/jpeg"}],"twitter_card":"summary_large_image","schema":{"@context":"https:\/\/schema.org","@graph":[{"@type":"WebPage","@id":"https:\/\/thejourney-of-you.com\/en\/impressum\/","url":"https:\/\/thejourney-of-you.com\/en\/impressum\/","name":"Impressum - The Journey of You","isPartOf":{"@id":"https:\/\/thejourney-of-you.com\/#website"},"datePublished":"2023-08-24T11:51:57+00:00","dateModified":"2024-01-31T20:53:48+00:00","breadcrumb":{"@id":"https:\/\/thejourney-of-you.com\/en\/impressum\/#breadcrumb"},"inLanguage":"en-US","potentialAction":[{"@type":"ReadAction","target":["https:\/\/thejourney-of-you.com\/en\/impressum\/"]}]},{"@type":"BreadcrumbList","@id":"https:\/\/thejourney-of-you.com\/en\/impressum\/#breadcrumb","itemListElement":[{"@type":"ListItem","position":1,"name":"Startseite","item":"https:\/\/thejourney-of-you.com\/en\/"},{"@type":"ListItem","position":2,"name":"Impressum"}]},{"@type":"WebSite","@id":"https:\/\/thejourney-of-you.com\/#website","url":"https:\/\/thejourney-of-you.com\/","name":"The Journey of You","description":"Dein Systemisches Coaching mit Philipp von He\u00dfberg","publisher":{"@id":"https:\/\/thejourney-of-you.com\/#organization"},"alternateName":"Systemisches Coaching mit Philipp von He\u00dfberg","potentialAction":[{"@type":"SearchAction","target":{"@type":"EntryPoint","urlTemplate":"https:\/\/thejourney-of-you.com\/?s={search_term_string}"},"query-input":{"@type":"PropertyValueSpecification","valueRequired":true,"valueName":"search_term_string"}}],"inLanguage":"en-US"},{"@type":"Organization","@id":"https:\/\/thejourney-of-you.com\/#organization","name":"The Journey of You","alternateName":"Systemisches Coaching mit Philipp von He\u00dfberg","url":"https:\/\/thejourney-of-you.com\/","logo":{"@type":"ImageObject","inLanguage":"en-US","@id":"https:\/\/thejourney-of-you.com\/#\/schema\/logo\/image\/","url":"https:\/\/thejourney-of-you.com\/wp-content\/uploads\/2020\/03\/Logo-Thejourneyofyou-RGB-1200px.png","contentUrl":"https:\/\/thejourney-of-you.com\/wp-content\/uploads\/2020\/03\/Logo-Thejourneyofyou-RGB-1200px.png","width":1200,"height":431,"caption":"The Journey of You"},"image":{"@id":"https:\/\/thejourney-of-you.com\/#\/schema\/logo\/image\/"}}]}},"_links":{"self":[{"href":"https:\/\/thejourney-of-you.com\/en\/wp-json\/wp\/v2\/pages\/76738","targetHints":{"allow":["GET"]}}],"collection":[{"href":"https:\/\/thejourney-of-you.com\/en\/wp-json\/wp\/v2\/pages"}],"about":[{"href":"https:\/\/thejourney-of-you.com\/en\/wp-json\/wp\/v2\/types\/page"}],"author":[{"embeddable":true,"href":"https:\/\/thejourney-of-you.com\/en\/wp-json\/wp\/v2\/users\/1"}],"replies":[{"embeddable":true,"href":"https:\/\/thejourney-of-you.com\/en\/wp-json\/wp\/v2\/comments?post=76738"}],"version-history":[{"count":0,"href":"https:\/\/thejourney-of-you.com\/en\/wp-json\/wp\/v2\/pages\/76738\/revisions"}],"wp:attachment":[{"href":"https:\/\/thejourney-of-you.com\/en\/wp-json\/wp\/v2\/media?parent=76738"}],"curies":[{"name":"wp","href":"https:\/\/api.w.org\/{rel}","templated":true}]}}